{"id":7,"date":"2016-09-10T13:44:12","date_gmt":"2016-09-10T13:44:12","guid":{"rendered":"http:\/\/www.etiennedefrance.com\/?page_id=7"},"modified":"2024-07-16T14:43:45","modified_gmt":"2024-07-16T12:43:45","slug":"about","status":"publish","type":"page","link":"http:\/\/www.etiennedefrance.com\/index.php\/about\/","title":{"rendered":"ABOUT"},"content":{"rendered":"<p>Etienne de France (b. 1984, Paris) is a visual artist, currently based in Paris, France. After studying Art History &amp; Archaeology in Paris, he completed a B.A in Visual Arts at the Iceland Art Academy of Reykjavik in 2008.<br \/>\nUnfolding his practice through films, photography, writing, drawing and installation, the artist is engaged into a long-term research on the relationships between notions of nature and landscape.<br \/>\nHis first works questioned the liminal spaces between fiction and reality, science and imagination, a practice illustrated by his film and body of works <em>Tales of a Sea Cow<\/em> (2012), a dialog with biologists on the interactions between animal and human cultures. Since 2012, his practice has been engaged into a questioning of landscape as a space of resilience and imagination, developing cooperation with farmers, environmental activists and architects, such as in the works <em>The Green Vessel<\/em> (2015-2019), <em>Looking for the Perfect Landscape <\/em>(2017) and <em>Field <\/em>(2020).<\/p>\n<p><strong>Etienne de France CV<br \/>\n<\/strong><br \/>\n1984, in Paris (France).<br \/>\nLives and works between Marmeaux and Paris (France).<\/p>\n<p><strong>Education\u00a0<\/strong><\/p>\n<p>2005-2008 : B.A, Visual Arts, Iceland Academy of Arts, Reykjavik, Iceland.<br \/>\n2005-2002 : Bachelor in Art History, University of Paris 1 Sorbonne, Paris, France.<strong><br \/>\n<\/strong><\/p>\n<p><strong>Solo Exhibitions (selection)<br \/>\n<\/strong><\/p>\n<p>2023 : <em>The Telling of the Oaks<\/em>, La Maison Composer, Les Piloux, France<br \/>\n2019 : <em>Champ, <\/em>Hors Cadre, Auxerre, France.<br \/>\n2016 : <em>From The Green Vesse<\/em>l, Te Whare Her\u0101 Gallery, Wellington, New Zealand.<br \/>\n2015 : <em>The <\/em><em>Vessels,<\/em> <em>\u00c9cole<\/em> Nationale Sup\u00e9rieure <em>d&#8217;Architecture<\/em> de Paris-La <em>Villette<\/em>, Paris, France.<br \/>\n2014 : <em>Rise<\/em>, BYCR Gallery, Milan, Italy.<br \/>\n2012\u00a0: <em>Tales of a Sea Cow<\/em>, Parco Arte Vivente, Torino, Italy.<br \/>\n2010\u00a0: <em>Icelandtrain Collection Fashion Show<\/em>, National Gallery of Iceland<br \/>\n2007\u00a0:<em> Utopia and Last Blah-Blah Before You Go<\/em>, \u00c1si Art Center, Reykjavik, Iceland.<\/p>\n<p><strong>Group exhibitions (selection)<\/strong><\/p>\n<p>2022 : <em>Del cielo al agua y lo que est\u00e1 en el centro<\/em>, MAC-Museo de Arte Contempor\u00e1neo, Santiago, Chili.<br \/>\n2022\u00a0: <em>Les Territoires et la Carte<\/em>, Centre Culturel Jean Cocteau, Les Lilas, France.<br \/>\n2021\u00a0: <em>Atterrir<\/em>, CAC La Ferme du Buisson, Noisiel, France.<br \/>\n2021 : <em>Breathturn<\/em>, Ostrale Biennale for Contemporary Art, Dresden, Germany.<br \/>\n2020 : <em>Ecology and New Functionality.<\/em><em>\u2028<\/em><em> Evolving Relations Between Man and Nature, <\/em>online exhibition, curated by Victoria Kondrashova, Marina Vinogradova, Dmitry Ryabkov.<br \/>\n2020 : <em>DE-celerate<\/em>, Te Tuhi Art Centre, Auckland, New-Zealand.<br \/>\n2019 : <em>El tercer paisaje<\/em>, 14th Bienal de Artes Mediales, Santiago, Chile.<br \/>\n2019 : <em>Paroxysm of Sublime<\/em>, LACE, Los Angeles, USA.<br \/>\n2019 : <em>From the island to the world<\/em>, International Center of Art and Landscape at Vassivi\u00e8re Island, France.<br \/>\n2019 : <em>Once a time in the West<\/em>, Frac Nouvelle-Aquitaine M\u00c9CA, France.<br \/>\n2018\u00a0: <em>Dom\u00f3ticas para hoy y ma\u00f1ana: La f\u00e1bula de abandonar tu zona de confort, <\/em>Artbo Salitre, Bogot\u00e1, Colombia.<br \/>\n2018 : <em>Expanded Documentary Film Section<\/em>, International Documentary Exhibition of Bogot\u00e1-MIDBO, Pontificial University Javeriana of Bogot\u00e1, Colombia.<br \/>\n2017\u00a0: <em>Cubo Arte, <\/em>Fundaci\u00f3n Mar Adentro, La Serena-Coquimbo, Chile.<br \/>\n2017\u00a0: <em>Le Mus\u00e9e Passager<\/em>, \u00cele de France Region, France.<br \/>\n2017\u00a0: <em>Eterna trilogia: retratos, paisagens e naturezas-mortas<\/em>, Museu de Arte Brasileira, S\u00e3o Paulo, Brazil.<br \/>\n2016\u00a0: <em>\u00c9chos Sauvages, <\/em>Atelier Alain Le Bras, Nantes, France.<br \/>\n2016\u00a0: <em>Forget the architecture : 25 years of architecture in Vassivi\u00e8re<\/em><strong>, <\/strong>International Center of Art and Landscape at Vassivi\u00e8re Island, France.<br \/>\n2016\u00a0: <em>KINGDOM \u2013 Flora, Fauna, Fable, <\/em>Reykjav\u00edk Art Museum, Iceland.<br \/>\n2014 : <em>Hors les Murs,<\/em> National Museum of Natural History, FIAC, France.<br \/>\n2013 : <em>Mediterranea 16<\/em>, MKC-Multimedia Center Split, Croatia.<br \/>\n2013 : <em>Vues<\/em>, Domaine de Chamarande, France.<br \/>\n2013 : <em>Alternative Nomadi-Mediterranea 16<\/em>, MA*GA Museum, Milano, Italy.<br \/>\n2013 : <em>Who Controls the Controllers (?),<\/em> Galleria Clou, Ragusa, Italy.<br \/>\n2013 : <em>Milieux<\/em>, Domaine de Chamarande, Chamarande, France.<br \/>\n2012\u00a0: <em>Inspired by Iceland<\/em>, National Gallery of Iceland, Reykjavik, Iceland.<br \/>\n2011\u00a0: <em>Subduction<\/em>, We-Space, Brusells, Belgium.<br \/>\n2010\u00a0: <em>Nine<\/em>, Kopavogur Art Museum, Kopavogur, Iceland.<br \/>\n2009\u00a0: <em>E-MobiLart Exhibition<\/em>, State Museum of Modern Art, Thessaloniki, Greece.<br \/>\n2008\u00a0: <em>The Word of God<\/em>, Akureyri Art Museum, Iceland.<\/p>\n<p><strong>Selected festivals\u00a0and screenings (selection)<br \/>\n<\/strong><\/p>\n<p>2022 : <em>Tales of a Sea Cow, <\/em>Festival de l&#8217;Histoire de l&#8217;Art de Fontainebleau, France.<br \/>\n2022 : <em>Tales of a Sea Cow, <\/em>JIFA, Mus\u00e9e du Louvre, Paris, France.<br \/>\n2021 : <em>Champ (film),<\/em> Ferme du Buisson, Noisiel, France.<br \/>\n2021 : <em>Retrospective screening and seminar<\/em>,\u00a0 Doc\u2019s Kingdom, Lisboa, Portugal.<br \/>\n2020 : <em>The Green Vessel (film<\/em>), TEA Tenerife Espacio de las Artes, Tenerife, Spain.<br \/>\n2020 : <em>Champ (film),<\/em> Doclisboa, Lisboa, Portugal.<br \/>\n2019 : <em>The Green Vessel (film)<\/em>, Synesth\u00e9sie MMaintenant, Saint-Denis, France.<br \/>\n2019 : <em>Looking for the Perfect Landscape (film), <\/em>MAC Lyon, France.<br \/>\n2019 : <em>The Green Vessel (film)<\/em>, FIDMarseille, Marseille, France.<br \/>\n2019\u00a0: <em>Looking for the Perfect Landscape (film), <\/em>Fondation d\u2019entreprise Ricard, Paris, France.<br \/>\n2018 : <em>VideoVideo<\/em>, 9th Edition Festival Video Art, Besanceuil, France.<br \/>\n2017\u00a0: <em>Looking for the Perfect Landscape (film), <\/em>Parker, Colorado River Indian Tribe.<br \/>\n2017\u00a0: <em>Looking for the Perfect Landscape (film), <\/em>Echo Park Film Center, Flax Foundation, Los Angeles, United States.<br \/>\n2017<em> : <\/em><em>Tales of a Sea Cow<\/em><em> (film), <\/em>Fundaci\u00f3n Mar Adentro, in the context of the 4th International Marine Protected Congress, La Serena-Coquimbo, Chile.<br \/>\n2017<em> : <\/em><em>Field<\/em><em> (film), <\/em>Contemporary Art Center of Ivry \u2013 Cr\u00e9dac, France<em>.<br \/>\n<\/em>2017\u00a0: Tales of a Sea Cow (film), 1st Antarctic Biennale, Antarctica.<br \/>\n2016 : <em>Tales of a Sea Cow<\/em> (film), Massey University, Wellington, New Zealand.<br \/>\n2015 : <em>Tales of a Sea Cow<\/em> (film), FLORA Ars+Natura, Bogot\u00e1, Colombia.<br \/>\n2015 : <em>Tales of a Sea Cow<\/em> (film), The Hospital Club, London, England.<br \/>\n2015 : <em>Exploration of a Failure <\/em>(video), Verbo, Gallery Vermelho, S\u00e3o Paulo, Brazil.<br \/>\n2014 : <em>Tales of a Sea Cow<\/em> (film), Gimli Festival, Manitoba, Canada<br \/>\n2014 : <em>Tales of a Sea Cow<\/em> (film), Polansky Gallery, Praha, Czech Republic.<br \/>\n2013 : <em>Tales of a Sea Cow<\/em> (film), Wild Talk Africa, Durban, South Africa<br \/>\n2013 : <em>Tales of a Sea Cow <\/em>(film), LICHTER Filmfest Frankfurt International, Germany.<br \/>\n2012\u00a0: <em>Tales of a Sea Cow<\/em>, (film) Shorts and Docs Festival, Reykjavik, Iceland.<br \/>\n2010\u00a0: <em>Tales of a Sea Cow<\/em>, (A\/V performance), Festival del Imagen, Manizales, Colombia.<br \/>\n2009\u00a0: <em>Tales of a Sea Cow<\/em>, (A\/V performance), Manobra Festival, Sao Paulo, Brazil.<br \/>\n2009\u00a0: <em>Tales of a Sea Cow<\/em>, (A\/V performance), Plektrum Festival, Tallinn, Estonia.<br \/>\n2008\u00a0: <em>Tales of a Sea Cow<\/em> (Video), Instants Video Festival, Marseille, France.<br \/>\n2007 : <em>Eyma <\/em>(Vid\u00e9o), Midi des Jeunes Talents. Festival de Loire, Orl\u00e9ans, France.<\/p>\n<p><strong>Prizes and residencies<\/strong><\/p>\n<p>2020-2021\u00a0: Artist residency, Contemporary Art Center Br\u00e9tigny, Br\u00e9tigny-sur-Orge, France.<br \/>\n2020-2021\u00a0: Artist residency, Archeology National Museum, Saint-Germain-en-Laye, France.<br \/>\n2017 : Artist residency, Flax Foundation, Los Angeles, USA.<br \/>\n2017 : Artist residency in Bosque Pehu\u00e9n, Fundaci\u00f3n Mar Adentro, Chile.<br \/>\n2016 : Artist Residency, K\u00fcnstlerh\u00e4user Worpswede, Germany. (In exchange with International Center of Art and Landscape at Vassivi\u00e8re Island, France).<br \/>\n2016 : Artist residency Te Whare H\u0113ra, Wellington, New Zeland.<br \/>\n2015\u00a0: Artist residency FLORA Ars Natura, Bogot\u00e1\/Honda<br \/>\n2015 : Artist residency FAAP, S\u00e3o Paulo, Brazil.<br \/>\n2015 : Research residency, The International Center of Art and Landscape at Vassivi\u00e8re Island, France.<br \/>\n2014\u00a0: Nominated for the COAL Prize, Art et Environment.<br \/>\n2013 : Residency in Domaine de Chamarande, Chamarande, France.<br \/>\n2013 : Residency in CANTE, San Luis Potosi, Mexico.<br \/>\n2012<strong>\u00a0: <\/strong>Special Jury Mention <em>Tales of a Sea Cow (documentary<\/em>), Festival Short and Docs, Reykjavik, Iceland.<br \/>\n2010\u00a0: SIM Residency, Berlin, Germany.<br \/>\n2009 : Les Pixels Transversaux Residency, S\u00e8vres, France.<br \/>\n2008-2009\u00a0: E-MobiLart (European Mobile Lab for Interactive Artists). Athens, Rovaniemi, Vienna.<br \/>\n2008\u00a0: Pennin Award for Young Artists, Iceland.<\/p>\n<p><strong>Public Collections<\/strong><\/p>\n<p>Frac Poitou-Charentes<br \/>\nMuseu de Arte Brasileira, S\u00e3o Paulo, Brazil.<br \/>\nCity of Gelos, (Pau), France.<br \/>\nDepartmental Contemporary Art Collection of Essonne, (FDAC), France.<br \/>\nNational Gallery of Iceland, Reykjavik, Iceland.<\/p>\n<p>&nbsp;<\/p>\n","protected":false},"excerpt":{"rendered":"<p>Etienne de France (b. 1984, Paris) is a visual artist, currently based in Paris, France. After studying Art History &amp; Archaeology in Paris, he completed a B.A in Visual Arts at the Iceland Art Academy of Reykjavik in 2008. Unfolding his practice through films, photography, writing, drawing and installation, the artist is engaged into a [&hellip;]<\/p>\n","protected":false},"author":1,"featured_media":0,"parent":0,"menu_order":0,"comment_status":"closed","ping_status":"closed","template":"","meta":{"pgc_sgb_lightbox_settings":"","footnotes":""},"class_list":["post-7","page","type-page","status-publish","hentry"],"_links":{"self":[{"href":"http:\/\/www.etiennedefrance.com\/index.php\/wp-json\/wp\/v2\/pages\/7","targetHints":{"allow":["GET"]}}],"collection":[{"href":"http:\/\/www.etiennedefrance.com\/index.php\/wp-json\/wp\/v2\/pages"}],"about":[{"href":"http:\/\/www.etiennedefrance.com\/index.php\/wp-json\/wp\/v2\/types\/page"}],"author":[{"embeddable":true,"href":"http:\/\/www.etiennedefrance.com\/index.php\/wp-json\/wp\/v2\/users\/1"}],"replies":[{"embeddable":true,"href":"http:\/\/www.etiennedefrance.com\/index.php\/wp-json\/wp\/v2\/comments?post=7"}],"version-history":[{"count":32,"href":"http:\/\/www.etiennedefrance.com\/index.php\/wp-json\/wp\/v2\/pages\/7\/revisions"}],"predecessor-version":[{"id":1263,"href":"http:\/\/www.etiennedefrance.com\/index.php\/wp-json\/wp\/v2\/pages\/7\/revisions\/1263"}],"wp:attachment":[{"href":"http:\/\/www.etiennedefrance.com\/index.php\/wp-json\/wp\/v2\/media?parent=7"}],"curies":[{"name":"wp","href":"https:\/\/api.w.org\/{rel}","templated":true}]}}