{"id":757,"date":"2020-01-30T19:15:53","date_gmt":"2020-01-30T17:15:53","guid":{"rendered":"http:\/\/www.etiennedefrance.com\/?page_id=757"},"modified":"2026-01-22T21:14:11","modified_gmt":"2026-01-22T19:14:11","slug":"against-the-drought-of-signs","status":"publish","type":"page","link":"https:\/\/www.etiennedefrance.com\/index.php\/works\/against-the-drought-of-signs\/","title":{"rendered":"Against the Drought of Signs"},"content":{"rendered":"<p><strong>Against the Drought of Signs<\/strong> is a video installation that is in search of possible contemporary representations of forests in the political and economic situation of the Araucan\u00eda region in Chile, where industry and monoculture continues to provoke important territorial conflicts as well as causing major ecological upsets.<br \/>\nComposed of two video loops projected on screens that are placed one behind the other, these two videos, scenes of forest, explore how the notion of mimesis allow forms of expression and interaction with forests not only through poetry but also beyond language.<\/p>\n<p><code class=\"pgc-sgb-onclick-selection\" tabindex=\"0\" role=\"button\" aria-hidden=\"true\"><div class=\"pgc-sgb-cb wp-block-pgcsimplygalleryblock-masonry \" data-gallery-id=\"aad68919\"><div class=\"sgb-preloader\" id=\"pr_aad68919\">\n\t<div class=\"sgb-square\" style=\"background:#d4d4d4\"><\/div>\n\t<div class=\"sgb-square\" style=\"background:#d4d4d4\"><\/div>\n\t<div class=\"sgb-square\" style=\"background:#d4d4d4\"><\/div>\n\t<div class=\"sgb-square\" style=\"background:#d4d4d4\"><\/div><\/div><div class=\"simply-gallery-amp pgc_sgb_slider \" style=\"display: none;\"><noscript><div class=\"sgb-gallery\"><div class=\"sgb-item\"><a href=\"https:\/\/www.etiennedefrance.com\/againstthedroughtofsigns-1\/\" target=\"_blank\"><img decoding=\"async\" alt=\"The Green Vessel\" width=\"300\" height=\"201\" loading=\"lazy\" src=\"http:\/\/www.etiennedefrance.com\/wp-content\/uploads\/2020\/01\/AgainsttheDroughtofSigns-1-300x201.jpg\" srcset=\"http:\/\/www.etiennedefrance.com\/wp-content\/uploads\/2020\/01\/AgainsttheDroughtofSigns-1-300x201.jpg 300w,http:\/\/www.etiennedefrance.com\/wp-content\/uploads\/2020\/01\/AgainsttheDroughtofSigns-1-1024x685.jpg 1024w,http:\/\/www.etiennedefrance.com\/wp-content\/uploads\/2020\/01\/AgainsttheDroughtofSigns-1.jpg 3765w\" sizes=\"auto, 250px\"\/><\/a><div class=\"sgb-item-caption\"><em>Against The Drought of Signs, double channel video installation, color and 5.1 sound, loop of 13mn, 2019.<\/em><\/div><\/div><div class=\"sgb-item\"><a href=\"https:\/\/www.etiennedefrance.com\/againstthedroughtofsigns2-1\/\" target=\"_blank\"><img decoding=\"async\" alt=\"etienne-de-france-alta-2\" width=\"300\" height=\"200\" loading=\"lazy\" src=\"http:\/\/www.etiennedefrance.com\/wp-content\/uploads\/2020\/01\/AgainsttheDroughtofSigns2-1-300x200.jpg\" srcset=\"http:\/\/www.etiennedefrance.com\/wp-content\/uploads\/2020\/01\/AgainsttheDroughtofSigns2-1-300x200.jpg 300w,http:\/\/www.etiennedefrance.com\/wp-content\/uploads\/2020\/01\/AgainsttheDroughtofSigns2-1-1024x683.jpg 1024w,http:\/\/www.etiennedefrance.com\/wp-content\/uploads\/2020\/01\/AgainsttheDroughtofSigns2-1.jpg 3861w\" sizes=\"auto, 250px\"\/><\/a><div class=\"sgb-item-caption\"><em>Against The Drought of Signs, double channel video installation, color and 5.1 sound, loop of 13mn, 2019.<\/em><\/div><\/div><\/div><\/noscript><\/div><script type=\"application\/json\" class=\"sgb-data\">{\"collectionColumns\":2,\"externalLink\":false,\"captions\":false,\"collectionThumbSubMenuDownload\":false,\"collectionThumbSubMenuShare\":false,\"galleryType\":\"pgc_sgb_masonry\",\"galleryId\":\"aad68919\",\"images\":[{\"id\":787,\"title\":\"AgainsttheDroughtofSigns-1\",\"url\":\"http:\/\/www.etiennedefrance.com\/wp-content\/uploads\/2020\/01\/AgainsttheDroughtofSigns-1.jpg\",\"link\":\"https:\/\/www.etiennedefrance.com\/againstthedroughtofsigns-1\/\",\"alt\":\"The Green Vessel\",\"description\":\"\",\"caption\":\"Against The Drought of Signs, double channel video installation, color and 5.1 sound, loop of 13mn, 2019.\",\"mime\":\"image\/jpeg\",\"type\":\"image\",\"width\":3765,\"height\":2520,\"sizes\":{\"thumbnail\":{\"height\":150,\"width\":150,\"url\":\"http:\/\/www.etiennedefrance.com\/wp-content\/uploads\/2020\/01\/AgainsttheDroughtofSigns-1-150x150.jpg\",\"orientation\":\"landscape\"},\"medium\":{\"height\":201,\"width\":300,\"url\":\"http:\/\/www.etiennedefrance.com\/wp-content\/uploads\/2020\/01\/AgainsttheDroughtofSigns-1-300x201.jpg\",\"orientation\":\"landscape\"},\"large\":{\"height\":685,\"width\":1024,\"url\":\"http:\/\/www.etiennedefrance.com\/wp-content\/uploads\/2020\/01\/AgainsttheDroughtofSigns-1-1024x685.jpg\",\"orientation\":\"landscape\"},\"full\":{\"url\":\"http:\/\/www.etiennedefrance.com\/wp-content\/uploads\/2020\/01\/AgainsttheDroughtofSigns-1.jpg\",\"height\":2520,\"width\":3765,\"orientation\":\"landscape\"}},\"imageMeta\":{\"aperture\":\"8\",\"credit\":\"\",\"camera\":\"Canon EOS 5D Mark II\",\"caption\":\"\",\"created_timestamp\":\"1572269277\",\"copyright\":\"\",\"focal_length\":\"32\",\"iso\":\"250\",\"shutter_speed\":\"8\",\"title\":\"\",\"orientation\":\"1\",\"keywords\":[]},\"meta\":false,\"postlink\":\"https:\/\/www.etiennedefrance.com\/againstthedroughtofsigns-1\/\"},{\"id\":788,\"title\":\"AgainsttheDroughtofSigns2-1\",\"url\":\"http:\/\/www.etiennedefrance.com\/wp-content\/uploads\/2020\/01\/AgainsttheDroughtofSigns2-1.jpg\",\"link\":\"https:\/\/www.etiennedefrance.com\/againstthedroughtofsigns2-1\/\",\"alt\":\"etienne-de-france-alta-2\",\"description\":\"\",\"caption\":\"Against The Drought of Signs, double channel video installation, color and 5.1 sound, loop of 13mn, 2019.\",\"mime\":\"image\/jpeg\",\"type\":\"image\",\"width\":3861,\"height\":2574,\"sizes\":{\"thumbnail\":{\"height\":150,\"width\":150,\"url\":\"http:\/\/www.etiennedefrance.com\/wp-content\/uploads\/2020\/01\/AgainsttheDroughtofSigns2-1-150x150.jpg\",\"orientation\":\"landscape\"},\"medium\":{\"height\":200,\"width\":300,\"url\":\"http:\/\/www.etiennedefrance.com\/wp-content\/uploads\/2020\/01\/AgainsttheDroughtofSigns2-1-300x200.jpg\",\"orientation\":\"landscape\"},\"large\":{\"height\":683,\"width\":1024,\"url\":\"http:\/\/www.etiennedefrance.com\/wp-content\/uploads\/2020\/01\/AgainsttheDroughtofSigns2-1-1024x683.jpg\",\"orientation\":\"landscape\"},\"full\":{\"url\":\"http:\/\/www.etiennedefrance.com\/wp-content\/uploads\/2020\/01\/AgainsttheDroughtofSigns2-1.jpg\",\"height\":2574,\"width\":3861,\"orientation\":\"landscape\"}},\"imageMeta\":{\"aperture\":\"8\",\"credit\":\"\",\"camera\":\"Canon EOS 5D Mark II\",\"caption\":\"\",\"created_timestamp\":\"1572270274\",\"copyright\":\"\",\"focal_length\":\"24\",\"iso\":\"250\",\"shutter_speed\":\"6\",\"title\":\"\",\"orientation\":\"1\",\"keywords\":[]},\"meta\":false,\"postlink\":\"https:\/\/www.etiennedefrance.com\/againstthedroughtofsigns2-1\/\"}],\"shareFacebook\":false,\"shareTwitter\":false,\"sharePinterest\":false,\"sliderItemDownload\":false,\"shareCopyLink\":false,\"itemsMetaDataCollection\":[]}<\/script><script>(function(){if(window.PGC_SGB && window.PGC_SGB.searcher){window.PGC_SGB.searcher.initBlocks()}})()<\/script><\/div><\/code><\/p>\n<div class=\"page\" title=\"Page 48\">\n<div class=\"section\">\n<div class=\"layoutArea\">\n<div class=\"column\">\n<p>Group exhibition, 14e Bienal de Artes Mediales, Santiago, Chile, 2019.<\/p>\n<\/div>\n<\/div>\n<\/div>\n<\/div>\n<p><code class=\"pgc-sgb-onclick-selection\" tabindex=\"0\" role=\"button\" aria-hidden=\"true\"><div class=\"pgc-sgb-cb wp-block-pgcsimplygalleryblock-masonry \" data-gallery-id=\"fc619973\"><div class=\"sgb-preloader\" id=\"pr_fc619973\">\n\t<div class=\"sgb-square\" style=\"background:#d4d4d4\"><\/div>\n\t<div class=\"sgb-square\" style=\"background:#d4d4d4\"><\/div>\n\t<div class=\"sgb-square\" style=\"background:#d4d4d4\"><\/div>\n\t<div class=\"sgb-square\" style=\"background:#d4d4d4\"><\/div><\/div><div class=\"simply-gallery-amp pgc_sgb_slider \" style=\"display: none;\"><noscript><div class=\"sgb-gallery\"><div class=\"sgb-item\"><a href=\"https:\/\/www.etiennedefrance.com\/againstthedroughtofsigns6\/\" target=\"_blank\"><img decoding=\"async\" alt=\"againstthedroughtofsigns6\" width=\"300\" height=\"170\" loading=\"lazy\" src=\"http:\/\/www.etiennedefrance.com\/wp-content\/uploads\/2020\/01\/AgainstTheDroughtofSigns6-300x170.jpg\" srcset=\"http:\/\/www.etiennedefrance.com\/wp-content\/uploads\/2020\/01\/AgainstTheDroughtofSigns6-300x170.jpg 300w,http:\/\/www.etiennedefrance.com\/wp-content\/uploads\/2020\/01\/AgainstTheDroughtofSigns6-1024x581.jpg 1024w,http:\/\/www.etiennedefrance.com\/wp-content\/uploads\/2020\/01\/AgainstTheDroughtofSigns6.jpg 1920w\" sizes=\"auto, 250px\"\/><\/a><div class=\"sgb-item-caption\"><em>Against The Drought of Signs (video still), double channel video installation, color and 5.1 sound, loop of 13mn, 2019.<\/em><\/div><\/div><div class=\"sgb-item\"><a href=\"https:\/\/www.etiennedefrance.com\/againstthedroughtofsigns4\/\" target=\"_blank\"><img decoding=\"async\" alt=\"againstthedroughtofsigns4\" width=\"300\" height=\"170\" loading=\"lazy\" src=\"http:\/\/www.etiennedefrance.com\/wp-content\/uploads\/2020\/01\/AgainstTheDroughtofSigns4-300x170.jpg\" srcset=\"http:\/\/www.etiennedefrance.com\/wp-content\/uploads\/2020\/01\/AgainstTheDroughtofSigns4-300x170.jpg 300w,http:\/\/www.etiennedefrance.com\/wp-content\/uploads\/2020\/01\/AgainstTheDroughtofSigns4-1024x581.jpg 1024w,http:\/\/www.etiennedefrance.com\/wp-content\/uploads\/2020\/01\/AgainstTheDroughtofSigns4.jpg 1920w\" sizes=\"auto, 250px\"\/><\/a><div class=\"sgb-item-caption\"><em>Against The Drought of Signs (video still), double channel video installation, color and 5.1 sound, loop of 13mn, 2019.<\/em><\/div><\/div><\/div><\/noscript><\/div><script type=\"application\/json\" class=\"sgb-data\">{\"collectionColumns\":2,\"externalLink\":false,\"captions\":false,\"collectionThumbSubMenuDownload\":false,\"collectionThumbSubMenuShare\":false,\"galleryType\":\"pgc_sgb_masonry\",\"galleryId\":\"fc619973\",\"images\":[{\"id\":767,\"title\":\"againstthedroughtofsigns6\",\"url\":\"http:\/\/www.etiennedefrance.com\/wp-content\/uploads\/2020\/01\/AgainstTheDroughtofSigns6.jpg\",\"link\":\"https:\/\/www.etiennedefrance.com\/againstthedroughtofsigns6\/\",\"alt\":\"againstthedroughtofsigns6\",\"description\":\"\",\"caption\":\"Against The Drought of Signs (video still), double channel video installation, color and 5.1 sound, loop of 13mn, 2019.\",\"mime\":\"image\/jpeg\",\"type\":\"image\",\"width\":1920,\"height\":1090,\"sizes\":{\"thumbnail\":{\"height\":150,\"width\":150,\"url\":\"http:\/\/www.etiennedefrance.com\/wp-content\/uploads\/2020\/01\/AgainstTheDroughtofSigns6-150x150.jpg\",\"orientation\":\"landscape\"},\"medium\":{\"height\":170,\"width\":300,\"url\":\"http:\/\/www.etiennedefrance.com\/wp-content\/uploads\/2020\/01\/AgainstTheDroughtofSigns6-300x170.jpg\",\"orientation\":\"landscape\"},\"large\":{\"height\":581,\"width\":1024,\"url\":\"http:\/\/www.etiennedefrance.com\/wp-content\/uploads\/2020\/01\/AgainstTheDroughtofSigns6-1024x581.jpg\",\"orientation\":\"landscape\"},\"full\":{\"url\":\"http:\/\/www.etiennedefrance.com\/wp-content\/uploads\/2020\/01\/AgainstTheDroughtofSigns6.jpg\",\"height\":1090,\"width\":1920,\"orientation\":\"landscape\"}},\"imageMeta\":{\"aperture\":\"0\",\"credit\":\"\",\"camera\":\"\",\"caption\":\"\",\"created_timestamp\":\"0\",\"copyright\":\"\",\"focal_length\":\"0\",\"iso\":\"0\",\"shutter_speed\":\"0\",\"title\":\"\",\"orientation\":\"1\",\"keywords\":[]},\"meta\":false,\"postlink\":\"https:\/\/www.etiennedefrance.com\/againstthedroughtofsigns6\/\"},{\"id\":766,\"title\":\"againstthedroughtofsigns4\",\"url\":\"http:\/\/www.etiennedefrance.com\/wp-content\/uploads\/2020\/01\/AgainstTheDroughtofSigns4.jpg\",\"link\":\"https:\/\/www.etiennedefrance.com\/againstthedroughtofsigns4\/\",\"alt\":\"againstthedroughtofsigns4\",\"description\":\"\",\"caption\":\"Against The Drought of Signs (video still), double channel video installation, color and 5.1 sound, loop of 13mn, 2019.\",\"mime\":\"image\/jpeg\",\"type\":\"image\",\"width\":1920,\"height\":1090,\"sizes\":{\"thumbnail\":{\"height\":150,\"width\":150,\"url\":\"http:\/\/www.etiennedefrance.com\/wp-content\/uploads\/2020\/01\/AgainstTheDroughtofSigns4-150x150.jpg\",\"orientation\":\"landscape\"},\"medium\":{\"height\":170,\"width\":300,\"url\":\"http:\/\/www.etiennedefrance.com\/wp-content\/uploads\/2020\/01\/AgainstTheDroughtofSigns4-300x170.jpg\",\"orientation\":\"landscape\"},\"large\":{\"height\":581,\"width\":1024,\"url\":\"http:\/\/www.etiennedefrance.com\/wp-content\/uploads\/2020\/01\/AgainstTheDroughtofSigns4-1024x581.jpg\",\"orientation\":\"landscape\"},\"full\":{\"url\":\"http:\/\/www.etiennedefrance.com\/wp-content\/uploads\/2020\/01\/AgainstTheDroughtofSigns4.jpg\",\"height\":1090,\"width\":1920,\"orientation\":\"landscape\"}},\"imageMeta\":{\"aperture\":\"0\",\"credit\":\"\",\"camera\":\"\",\"caption\":\"\",\"created_timestamp\":\"0\",\"copyright\":\"\",\"focal_length\":\"0\",\"iso\":\"0\",\"shutter_speed\":\"0\",\"title\":\"\",\"orientation\":\"1\",\"keywords\":[]},\"meta\":false,\"postlink\":\"https:\/\/www.etiennedefrance.com\/againstthedroughtofsigns4\/\"}],\"shareFacebook\":false,\"shareTwitter\":false,\"sharePinterest\":false,\"sliderItemDownload\":false,\"shareCopyLink\":false,\"itemsMetaDataCollection\":[]}<\/script><script>(function(){if(window.PGC_SGB && window.PGC_SGB.searcher){window.PGC_SGB.searcher.initBlocks()}})()<\/script><\/div><\/code><\/p>\n<p>The videos draw an analogy between forest and cinema, in which we could perceive forest as cinemas beyond human temporalities: multitudes of multi-directional screens, whose intentionalities and subjectivities create countless signs and narratives.<br \/>\nIf the text <strong>Ka wu\u0308n<\/strong> from Mapuche poet Leonel Lienlaf is included in the sound of the videos, another collaboration is realized with this artist through an edition featuring the first translation and transformation in Mapuzungun of the Welsh poem Kat Godeu (The Battle of the Trees), coexisting alongside with a new Spanish translation by writer Diego Milos and an English version.<br \/>\n<code class=\"pgc_sgb_shortcode_id\" tabindex=\"0\" role=\"button\"><div class=\"pgc-sgb-cb wp-block-pgcsimplygalleryblock-grid \" data-gallery-id=\"cad03366\"><div class=\"sgb-preloader\" id=\"pr_cad03366\">\n\t<div class=\"sgb-square\" style=\"background:#d4d4d4\"><\/div>\n\t<div class=\"sgb-square\" style=\"background:#d4d4d4\"><\/div>\n\t<div class=\"sgb-square\" style=\"background:#d4d4d4\"><\/div>\n\t<div class=\"sgb-square\" style=\"background:#d4d4d4\"><\/div><\/div><div class=\"simply-gallery-amp pgc_sgb_slider \" style=\"display: none;\"><noscript><div class=\"sgb-gallery\"><div class=\"sgb-item\"><a href=\"https:\/\/www.etiennedefrance.com\/againstthedroughtofsignsedition-1\/\" target=\"_blank\"><img decoding=\"async\" alt=\"AgainstthedroughtofSigns_Edition\" width=\"252\" height=\"300\" loading=\"lazy\" src=\"http:\/\/www.etiennedefrance.com\/wp-content\/uploads\/2020\/01\/AgainsttheDroughtofSignsEdition-1-252x300.jpg\" srcset=\"http:\/\/www.etiennedefrance.com\/wp-content\/uploads\/2020\/01\/AgainsttheDroughtofSignsEdition-1-252x300.jpg 252w,http:\/\/www.etiennedefrance.com\/wp-content\/uploads\/2020\/01\/AgainsttheDroughtofSignsEdition-1-862x1024.jpg 862w,http:\/\/www.etiennedefrance.com\/wp-content\/uploads\/2020\/01\/AgainsttheDroughtofSignsEdition-1.jpg 2166w\" sizes=\"auto, 250px\"\/><\/a><div class=\"sgb-item-caption\"><em>Against The Drought of Signs, edition, 25 pages, quadrilingual Mapuzungun, Spanish, English, Welsh.<\/em><\/div><\/div><div class=\"sgb-item\"><a href=\"https:\/\/www.etiennedefrance.com\/againstthedroughtofsignsedition2-1\/\" target=\"_blank\"><img decoding=\"async\" alt=\"AgainstthedroughtofSigns_Edition2\" width=\"300\" height=\"218\" loading=\"lazy\" src=\"http:\/\/www.etiennedefrance.com\/wp-content\/uploads\/2020\/01\/AgainsttheDroughtofSignsEdition2-1-300x218.jpg\" srcset=\"http:\/\/www.etiennedefrance.com\/wp-content\/uploads\/2020\/01\/AgainsttheDroughtofSignsEdition2-1-300x218.jpg 300w,http:\/\/www.etiennedefrance.com\/wp-content\/uploads\/2020\/01\/AgainsttheDroughtofSignsEdition2-1-1024x745.jpg 1024w,http:\/\/www.etiennedefrance.com\/wp-content\/uploads\/2020\/01\/AgainsttheDroughtofSignsEdition2-1.jpg 3414w\" sizes=\"auto, 250px\"\/><\/a><div class=\"sgb-item-caption\"><em>Against The Drought of Signs, edition, 25 pages, quadrilingual Mapuzungun, Spanish, English, Welsh.<\/em><\/div><\/div><\/div><\/noscript><\/div><script type=\"application\/json\" class=\"sgb-data\">{\"collectionColumns\":2,\"captions\":false,\"collectionThumbSubMenuDownload\":false,\"collectionThumbSubMenuShare\":false,\"galleryType\":\"pgc_sgb_grid\",\"galleryId\":\"cad03366\",\"images\":[{\"id\":784,\"title\":\"AgainsttheDroughtofSignsEdition-1\",\"url\":\"http:\/\/www.etiennedefrance.com\/wp-content\/uploads\/2020\/01\/AgainsttheDroughtofSignsEdition-1.jpg\",\"link\":\"https:\/\/www.etiennedefrance.com\/againstthedroughtofsignsedition-1\/\",\"alt\":\"AgainstthedroughtofSigns_Edition\",\"description\":\"\",\"caption\":\"Against The Drought of Signs, edition, 25 pages, quadrilingual Mapuzungun, Spanish, English, Welsh.\",\"mime\":\"image\/jpeg\",\"type\":\"image\",\"width\":2166,\"height\":2574,\"sizes\":{\"thumbnail\":{\"height\":150,\"width\":150,\"url\":\"http:\/\/www.etiennedefrance.com\/wp-content\/uploads\/2020\/01\/AgainsttheDroughtofSignsEdition-1-150x150.jpg\",\"orientation\":\"landscape\"},\"medium\":{\"height\":300,\"width\":252,\"url\":\"http:\/\/www.etiennedefrance.com\/wp-content\/uploads\/2020\/01\/AgainsttheDroughtofSignsEdition-1-252x300.jpg\",\"orientation\":\"portrait\"},\"large\":{\"height\":1024,\"width\":862,\"url\":\"http:\/\/www.etiennedefrance.com\/wp-content\/uploads\/2020\/01\/AgainsttheDroughtofSignsEdition-1-862x1024.jpg\",\"orientation\":\"portrait\"},\"full\":{\"url\":\"http:\/\/www.etiennedefrance.com\/wp-content\/uploads\/2020\/01\/AgainsttheDroughtofSignsEdition-1.jpg\",\"height\":2574,\"width\":2166,\"orientation\":\"portrait\"}},\"imageMeta\":{\"aperture\":\"6.3\",\"credit\":\"\",\"camera\":\"Canon EOS 5D Mark II\",\"caption\":\"\",\"created_timestamp\":\"1572360867\",\"copyright\":\"\",\"focal_length\":\"63\",\"iso\":\"100\",\"shutter_speed\":\"0.008\",\"title\":\"\",\"orientation\":\"1\",\"keywords\":[]},\"meta\":false,\"postlink\":\"https:\/\/www.etiennedefrance.com\/againstthedroughtofsignsedition-1\/\"},{\"id\":785,\"title\":\"AgainsttheDroughtofSignsEdition2-1\",\"url\":\"http:\/\/www.etiennedefrance.com\/wp-content\/uploads\/2020\/01\/AgainsttheDroughtofSignsEdition2-1.jpg\",\"link\":\"https:\/\/www.etiennedefrance.com\/againstthedroughtofsignsedition2-1\/\",\"alt\":\"AgainstthedroughtofSigns_Edition2\",\"description\":\"\",\"caption\":\"Against The Drought of Signs, edition, 25 pages, quadrilingual Mapuzungun, Spanish, English, Welsh.\",\"mime\":\"image\/jpeg\",\"type\":\"image\",\"width\":3414,\"height\":2484,\"sizes\":{\"thumbnail\":{\"height\":150,\"width\":150,\"url\":\"http:\/\/www.etiennedefrance.com\/wp-content\/uploads\/2020\/01\/AgainsttheDroughtofSignsEdition2-1-150x150.jpg\",\"orientation\":\"landscape\"},\"medium\":{\"height\":218,\"width\":300,\"url\":\"http:\/\/www.etiennedefrance.com\/wp-content\/uploads\/2020\/01\/AgainsttheDroughtofSignsEdition2-1-300x218.jpg\",\"orientation\":\"landscape\"},\"large\":{\"height\":745,\"width\":1024,\"url\":\"http:\/\/www.etiennedefrance.com\/wp-content\/uploads\/2020\/01\/AgainsttheDroughtofSignsEdition2-1-1024x745.jpg\",\"orientation\":\"landscape\"},\"full\":{\"url\":\"http:\/\/www.etiennedefrance.com\/wp-content\/uploads\/2020\/01\/AgainsttheDroughtofSignsEdition2-1.jpg\",\"height\":2484,\"width\":3414,\"orientation\":\"landscape\"}},\"imageMeta\":{\"aperture\":\"6.3\",\"credit\":\"\",\"camera\":\"Canon EOS 5D Mark II\",\"caption\":\"\",\"created_timestamp\":\"1572361185\",\"copyright\":\"\",\"focal_length\":\"60\",\"iso\":\"100\",\"shutter_speed\":\"0.00625\",\"title\":\"\",\"orientation\":\"1\",\"keywords\":[]},\"meta\":false,\"postlink\":\"https:\/\/www.etiennedefrance.com\/againstthedroughtofsignsedition2-1\/\"}],\"shareFacebook\":false,\"shareTwitter\":false,\"sharePinterest\":false,\"sliderItemDownload\":false,\"shareCopyLink\":false,\"itemsMetaDataCollection\":[]}<\/script><script>(function(){if(window.PGC_SGB && window.PGC_SGB.searcher){window.PGC_SGB.searcher.initBlocks()}})()<\/script><\/div><\/code><\/p>\n<p><iframe loading=\"lazy\" title=\"Against the Drought of Signs (Excerpt)\" src=\"https:\/\/player.vimeo.com\/video\/408510795?dnt=1&amp;app_id=122963\" width=\"1000\" height=\"563\" frameborder=\"0\" allow=\"autoplay; fullscreen; picture-in-picture; clipboard-write; encrypted-media; web-share\" referrerpolicy=\"strict-origin-when-cross-origin\"><\/iframe><br \/>\nThis work is the result of researches conducted during Fundaci\u00f3n Mar Adentro\u2019s residency program in Bosque Pehu\u00e9n, in the Araucan\u00eda Andina region, Chile.<\/p>\n<p><strong>Against the Drought of Signs<\/strong> was first presented during group exhibition \u201cEl tercer paisaje\u201d (part of 14th Bienal de Artes Mediales \u201cEl Cuarto Mondo\u201d), <span class=\"st\">National Museum of Fine Arts<\/span><span class=\"st\">, Santiago, Chile.\u00a0<\/span><br \/>\n<a href=\"http:\/\/www.bienaldeartesmediales.cl\/14\/participantes\/etienne-de-france\">http:\/\/www.bienaldeartesmediales.cl\/14\/participantes\/etienne-de-france<\/a><\/p>\n<p><em>All pictures in this page (except video stills) : \u00a9Sebasti\u00e1n Mej\u00eda &#8211; Courtesy of Fundaci\u00f3n Mar Adentro.<\/em><\/p>\n","protected":false},"excerpt":{"rendered":"<p>Against the Drought of Signs is a video installation that is in search of possible contemporary representations of forests in the political and economic situation of the Araucan\u00eda region in Chile, where industry and monoculture continues to provoke important territorial conflicts as well as causing major ecological upsets. Composed of two video loops projected on [&hellip;]<\/p>\n","protected":false},"author":1,"featured_media":0,"parent":20,"menu_order":0,"comment_status":"closed","ping_status":"closed","template":"","meta":{"pgc_sgb_lightbox_settings":"","footnotes":""},"class_list":["post-757","page","type-page","status-publish","hentry"],"_links":{"self":[{"href":"https:\/\/www.etiennedefrance.com\/index.php\/wp-json\/wp\/v2\/pages\/757","targetHints":{"allow":["GET"]}}],"collection":[{"href":"https:\/\/www.etiennedefrance.com\/index.php\/wp-json\/wp\/v2\/pages"}],"about":[{"href":"https:\/\/www.etiennedefrance.com\/index.php\/wp-json\/wp\/v2\/types\/page"}],"author":[{"embeddable":true,"href":"https:\/\/www.etiennedefrance.com\/index.php\/wp-json\/wp\/v2\/users\/1"}],"replies":[{"embeddable":true,"href":"https:\/\/www.etiennedefrance.com\/index.php\/wp-json\/wp\/v2\/comments?post=757"}],"version-history":[{"count":39,"href":"https:\/\/www.etiennedefrance.com\/index.php\/wp-json\/wp\/v2\/pages\/757\/revisions"}],"predecessor-version":[{"id":1130,"href":"https:\/\/www.etiennedefrance.com\/index.php\/wp-json\/wp\/v2\/pages\/757\/revisions\/1130"}],"up":[{"embeddable":true,"href":"https:\/\/www.etiennedefrance.com\/index.php\/wp-json\/wp\/v2\/pages\/20"}],"wp:attachment":[{"href":"https:\/\/www.etiennedefrance.com\/index.php\/wp-json\/wp\/v2\/media?parent=757"}],"curies":[{"name":"wp","href":"https:\/\/api.w.org\/{rel}","templated":true}]}}